{"id":26,"date":"2020-11-08T18:13:11","date_gmt":"2020-11-08T18:13:11","guid":{"rendered":"http:\/\/www.isyeg.com\/?page_id=26"},"modified":"2021-09-25T18:32:06","modified_gmt":"2021-09-25T18:32:06","slug":"yonetim-kurulu","status":"publish","type":"page","link":"http:\/\/www.isyeg.com\/?page_id=26","title":{"rendered":"Y\u00f6netim Kurulu"},"content":{"rendered":"\n<p class=\"has-text-align-center\" style=\"font-size:24px\"><strong>Y\u00f6netim Kurulu Ba\u015fkan\u0131m\u0131z<\/strong><\/p>\n\n\n\n<p class=\"has-text-align-center\" style=\"font-size:24px\">Mustafa Serdar \u00c7ORUMLU<\/p>\n\n\n\n<p class=\"has-text-align-center\" style=\"font-size:24px\"><strong>Y\u00f6netim Kurulu \u00dcyelerimiz<\/strong><\/p>\n\n\n\n<p class=\"has-text-align-center\" style=\"font-size:24px\">Esma G\u00dcRB\u00dcZ BAYKAL<\/p>\n\n\n\n<p class=\"has-text-align-center\" style=\"font-size:24px\">\u0130smet USLU<\/p>\n\n\n\n<p class=\"has-text-align-center\" style=\"font-size:24px\">Muharrem KARAFAKI<\/p>\n\n\n\n<p class=\"has-text-align-center\" style=\"font-size:24px\">Osman \u00c7AKIR<\/p>\n\n\n\n<p class=\"has-text-align-center\" style=\"font-size:24px\">Osman TOP<\/p>\n\n\n\n<p class=\"has-text-align-center\" style=\"font-size:24px\">Zeliha ARMUTCU<\/p>\n\n\n\n<p><\/p>\n","protected":false},"excerpt":{"rendered":"<p>Y\u00f6netim Kurulu Ba\u015fkan\u0131m\u0131z Mustafa Serdar \u00c7ORUMLU Y\u00f6netim Kurulu \u00dcyelerimiz Esma G\u00dcRB\u00dcZ BAYKAL \u0130smet USLU Muharrem KARAFAKI Osman \u00c7AKIR Osman TOP Zeliha ARMUTCU<\/p>\n","protected":false},"author":1,"featured_media":0,"parent":0,"menu_order":0,"comment_status":"closed","ping_status":"closed","template":"","meta":{"footnotes":""},"class_list":["post-26","page","type-page","status-publish","hentry"],"_links":{"self":[{"href":"http:\/\/www.isyeg.com\/index.php?rest_route=\/wp\/v2\/pages\/26","targetHints":{"allow":["GET"]}}],"collection":[{"href":"http:\/\/www.isyeg.com\/index.php?rest_route=\/wp\/v2\/pages"}],"about":[{"href":"http:\/\/www.isyeg.com\/index.php?rest_route=\/wp\/v2\/types\/page"}],"author":[{"embeddable":true,"href":"http:\/\/www.isyeg.com\/index.php?rest_route=\/wp\/v2\/users\/1"}],"replies":[{"embeddable":true,"href":"http:\/\/www.isyeg.com\/index.php?rest_route=%2Fwp%2Fv2%2Fcomments&post=26"}],"version-history":[{"count":6,"href":"http:\/\/www.isyeg.com\/index.php?rest_route=\/wp\/v2\/pages\/26\/revisions"}],"predecessor-version":[{"id":695,"href":"http:\/\/www.isyeg.com\/index.php?rest_route=\/wp\/v2\/pages\/26\/revisions\/695"}],"wp:attachment":[{"href":"http:\/\/www.isyeg.com\/index.php?rest_route=%2Fwp%2Fv2%2Fmedia&parent=26"}],"curies":[{"name":"wp","href":"https:\/\/api.w.org\/{rel}","templated":true}]}}