{"id":21,"date":"2020-11-08T18:10:47","date_gmt":"2020-11-08T18:10:47","guid":{"rendered":"http:\/\/www.isyeg.com\/?page_id=21"},"modified":"2022-02-01T08:15:05","modified_gmt":"2022-02-01T08:15:05","slug":"misyon","status":"publish","type":"page","link":"http:\/\/www.isyeg.com\/?page_id=21","title":{"rendered":"Misyon"},"content":{"rendered":"\n<p><strong>Do\u011fal ,tarihi ve k\u00fclt\u00fcrel zenginli\u011fiyle yerelde fark yaratarak de\u011fer olu\u015fturmak, toplumsal bilincin olu\u015fmas\u0131na katk\u0131 sa\u011flamak ve \u00a0kalk\u0131nman\u0131n en \u00f6nemli payda\u015f\u0131 olabilmektir.<\/strong><\/p>\n","protected":false},"excerpt":{"rendered":"<p>Do\u011fal ,tarihi ve k\u00fclt\u00fcrel zenginli\u011fiyle yerelde fark yaratarak de\u011fer olu\u015fturmak, toplumsal bilincin olu\u015fmas\u0131na katk\u0131 sa\u011flamak ve \u00a0kalk\u0131nman\u0131n en \u00f6nemli payda\u015f\u0131 olabilmektir.<\/p>\n","protected":false},"author":1,"featured_media":0,"parent":0,"menu_order":0,"comment_status":"closed","ping_status":"closed","template":"","meta":{"footnotes":""},"class_list":["post-21","page","type-page","status-publish","hentry"],"_links":{"self":[{"href":"http:\/\/www.isyeg.com\/index.php?rest_route=\/wp\/v2\/pages\/21","targetHints":{"allow":["GET"]}}],"collection":[{"href":"http:\/\/www.isyeg.com\/index.php?rest_route=\/wp\/v2\/pages"}],"about":[{"href":"http:\/\/www.isyeg.com\/index.php?rest_route=\/wp\/v2\/types\/page"}],"author":[{"embeddable":true,"href":"http:\/\/www.isyeg.com\/index.php?rest_route=\/wp\/v2\/users\/1"}],"replies":[{"embeddable":true,"href":"http:\/\/www.isyeg.com\/index.php?rest_route=%2Fwp%2Fv2%2Fcomments&post=21"}],"version-history":[{"count":2,"href":"http:\/\/www.isyeg.com\/index.php?rest_route=\/wp\/v2\/pages\/21\/revisions"}],"predecessor-version":[{"id":789,"href":"http:\/\/www.isyeg.com\/index.php?rest_route=\/wp\/v2\/pages\/21\/revisions\/789"}],"wp:attachment":[{"href":"http:\/\/www.isyeg.com\/index.php?rest_route=%2Fwp%2Fv2%2Fmedia&parent=21"}],"curies":[{"name":"wp","href":"https:\/\/api.w.org\/{rel}","templated":true}]}}