{"id":19,"date":"2020-11-08T18:10:28","date_gmt":"2020-11-08T18:10:28","guid":{"rendered":"http:\/\/www.isyeg.com\/?page_id=19"},"modified":"2022-02-01T08:20:18","modified_gmt":"2022-02-01T08:20:18","slug":"vizyon","status":"publish","type":"page","link":"http:\/\/www.isyeg.com\/?page_id=19","title":{"rendered":"Vizyon"},"content":{"rendered":"\n<p><strong>YEG b\u00f6lgesinin k\u00fclt\u00fcr, tarih, turizm de\u011ferlerini, do\u011fal kaynaklar\u0131n\u0131 kullanarak de\u011fi\u015fimi ba\u015flatan, tar\u0131m ve tar\u0131m d\u0131\u015f\u0131 faaliyetlerin artt\u0131\u011f\u0131, yerelde istihdam\u0131n sa\u011fland\u0131\u011f\u0131, i\u015fletmeler, kamu kurumlar\u0131 ve sivil toplum kurulu\u015flar\u0131 aras\u0131nda kolektif bilincin olu\u015ftu\u011fu, toplumsal duyarl\u0131l\u0131kla kendi kendini geli\u015ftiren ya\u015fanabilir bir b\u00f6lgeye ula\u015fmakt\u0131r.<\/strong><\/p>\n","protected":false},"excerpt":{"rendered":"<p>YEG b\u00f6lgesinin k\u00fclt\u00fcr, tarih, turizm de\u011ferlerini, do\u011fal kaynaklar\u0131n\u0131 kullanarak de\u011fi\u015fimi ba\u015flatan, tar\u0131m ve tar\u0131m d\u0131\u015f\u0131 faaliyetlerin artt\u0131\u011f\u0131, yerelde istihdam\u0131n sa\u011fland\u0131\u011f\u0131, i\u015fletmeler, kamu kurumlar\u0131 ve<\/p>\n","protected":false},"author":1,"featured_media":0,"parent":0,"menu_order":0,"comment_status":"closed","ping_status":"closed","template":"","meta":{"footnotes":""},"class_list":["post-19","page","type-page","status-publish","hentry"],"_links":{"self":[{"href":"http:\/\/www.isyeg.com\/index.php?rest_route=\/wp\/v2\/pages\/19","targetHints":{"allow":["GET"]}}],"collection":[{"href":"http:\/\/www.isyeg.com\/index.php?rest_route=\/wp\/v2\/pages"}],"about":[{"href":"http:\/\/www.isyeg.com\/index.php?rest_route=\/wp\/v2\/types\/page"}],"author":[{"embeddable":true,"href":"http:\/\/www.isyeg.com\/index.php?rest_route=\/wp\/v2\/users\/1"}],"replies":[{"embeddable":true,"href":"http:\/\/www.isyeg.com\/index.php?rest_route=%2Fwp%2Fv2%2Fcomments&post=19"}],"version-history":[{"count":3,"href":"http:\/\/www.isyeg.com\/index.php?rest_route=\/wp\/v2\/pages\/19\/revisions"}],"predecessor-version":[{"id":791,"href":"http:\/\/www.isyeg.com\/index.php?rest_route=\/wp\/v2\/pages\/19\/revisions\/791"}],"wp:attachment":[{"href":"http:\/\/www.isyeg.com\/index.php?rest_route=%2Fwp%2Fv2%2Fmedia&parent=19"}],"curies":[{"name":"wp","href":"https:\/\/api.w.org\/{rel}","templated":true}]}}