{"id":149,"date":"2020-12-21T10:50:33","date_gmt":"2020-12-21T10:50:33","guid":{"rendered":"http:\/\/www.isyeg.com\/?page_id=149"},"modified":"2026-03-23T12:20:45","modified_gmt":"2026-03-23T12:20:45","slug":"anasayfa","status":"publish","type":"page","link":"http:\/\/www.isyeg.com\/","title":{"rendered":"Anasayfa"},"content":{"rendered":"\n<p><\/p>\n\n\n\n<p><\/p>\n\n\n\n<p><\/p>\n\n\n\n<figure class=\"wp-block-image size-large\"><img loading=\"lazy\" decoding=\"async\" width=\"1024\" height=\"624\" src=\"http:\/\/www.isyeg.com\/wp-content\/uploads\/2026\/03\/1-1024x624.png\" alt=\"\" class=\"wp-image-1718\" srcset=\"http:\/\/www.isyeg.com\/wp-content\/uploads\/2026\/03\/1-1024x624.png 1024w, http:\/\/www.isyeg.com\/wp-content\/uploads\/2026\/03\/1-300x183.png 300w, http:\/\/www.isyeg.com\/wp-content\/uploads\/2026\/03\/1-768x468.png 768w, http:\/\/www.isyeg.com\/wp-content\/uploads\/2026\/03\/1.png 1439w\" sizes=\"auto, (max-width: 1024px) 100vw, 1024px\" \/><\/figure>\n\n\n\n<p><\/p>\n\n\n\n<p><strong><strong>\u201cBu internet sitesi AB ve T\u00fcrkiye Cumhuriyeti&#8217;nin mali katk\u0131s\u0131 ile haz\u0131rlanm\u0131\u015ft\u0131r. Bu yay\u0131n\u0131n i\u00e7eri\u011finden sadece \u0130skilip Yerel Eylem Grubu Derne\u011fi sorumludur ve hi\u00e7bir \u015fekilde Avrupa Birli\u011fi ve T\u00fcrkiye Cumhuriyeti&#8217;nin g\u00f6r\u00fc\u015f veya tutumunu yans\u0131tt\u0131\u011f\u0131 ileri s\u00fcr\u00fclemez.\u201d<\/strong><\/strong><\/p>\n\n\n\n<p><\/p>\n","protected":false},"excerpt":{"rendered":"<p>\u201cBu internet sitesi AB ve T\u00fcrkiye Cumhuriyeti&#8217;nin mali katk\u0131s\u0131 ile haz\u0131rlanm\u0131\u015ft\u0131r. Bu yay\u0131n\u0131n i\u00e7eri\u011finden sadece \u0130skilip Yerel Eylem Grubu Derne\u011fi sorumludur ve hi\u00e7bir \u015fekilde<\/p>\n","protected":false},"author":1,"featured_media":0,"parent":0,"menu_order":0,"comment_status":"closed","ping_status":"closed","template":"","meta":{"footnotes":""},"class_list":["post-149","page","type-page","status-publish","hentry"],"_links":{"self":[{"href":"http:\/\/www.isyeg.com\/index.php?rest_route=\/wp\/v2\/pages\/149","targetHints":{"allow":["GET"]}}],"collection":[{"href":"http:\/\/www.isyeg.com\/index.php?rest_route=\/wp\/v2\/pages"}],"about":[{"href":"http:\/\/www.isyeg.com\/index.php?rest_route=\/wp\/v2\/types\/page"}],"author":[{"embeddable":true,"href":"http:\/\/www.isyeg.com\/index.php?rest_route=\/wp\/v2\/users\/1"}],"replies":[{"embeddable":true,"href":"http:\/\/www.isyeg.com\/index.php?rest_route=%2Fwp%2Fv2%2Fcomments&post=149"}],"version-history":[{"count":4,"href":"http:\/\/www.isyeg.com\/index.php?rest_route=\/wp\/v2\/pages\/149\/revisions"}],"predecessor-version":[{"id":1720,"href":"http:\/\/www.isyeg.com\/index.php?rest_route=\/wp\/v2\/pages\/149\/revisions\/1720"}],"wp:attachment":[{"href":"http:\/\/www.isyeg.com\/index.php?rest_route=%2Fwp%2Fv2%2Fmedia&parent=149"}],"curies":[{"name":"wp","href":"https:\/\/api.w.org\/{rel}","templated":true}]}}